{"id":182,"date":"2019-06-24T11:35:29","date_gmt":"2019-06-24T11:35:29","guid":{"rendered":"https:\/\/heinrich-zschokke.ch\/?page_id=182"},"modified":"2019-12-05T18:19:22","modified_gmt":"2019-12-05T18:19:22","slug":"zschokke-mit-z","status":"publish","type":"page","link":"https:\/\/heinrich-zschokke.ch\/en\/zschokke-mit-z\/","title":{"rendered":"Schokke mit Z: The Film"},"content":{"rendered":"<p>[et_pb_section fb_built=&#8221;1&#8243; _builder_version=&#8221;3.25.2&#8243; fb_built=&#8221;1&#8243; _i=&#8221;0&#8243; _address=&#8221;0&#8243;][et_pb_row _builder_version=&#8221;3.25.2&#8243; _i=&#8221;0&#8243; _address=&#8221;0.0&#8243;][et_pb_column type=&#8221;4_4&#8243; _builder_version=&#8221;3.25.2&#8243; _i=&#8221;0&#8243; _address=&#8221;0.0.0&#8243;][et_pb_text _builder_version=&#8221;3.27.4&#8243; header_font=&#8221;||||||||&#8221; header_2_font=&#8221;||||||||&#8221; header_2_text_color=&#8221;#67854A&#8221; _i=&#8221;0&#8243; _address=&#8221;0.0.0.0&#8243;]<\/p>\n<h2 style=\"text-align: center;\">Ein Film zum 250 Geburtstag<\/h2>\n<p>&nbsp;<\/p>\n<p style=\"text-align: center;\"><img loading=\"lazy\" decoding=\"async\" class=\"wp-image-102 alignnone size-medium\" src=\"https:\/\/heinrich-zschokke.ch\/wp-content\/uploads\/2019\/06\/Zschokke-Zeichnung-1000-212x300.jpg\" alt=\"\" width=\"212\" height=\"300\" srcset=\"https:\/\/heinrich-zschokke.ch\/wp-content\/uploads\/2019\/06\/Zschokke-Zeichnung-1000-212x300.jpg 212w, https:\/\/heinrich-zschokke.ch\/wp-content\/uploads\/2019\/06\/Zschokke-Zeichnung-1000-768x1086.jpg 768w, https:\/\/heinrich-zschokke.ch\/wp-content\/uploads\/2019\/06\/Zschokke-Zeichnung-1000-724x1024.jpg 724w, https:\/\/heinrich-zschokke.ch\/wp-content\/uploads\/2019\/06\/Zschokke-Zeichnung-1000.jpg 1000w\" sizes=\"(max-width: 212px) 100vw, 212px\" \/><\/p>\n<p>[\/et_pb_text][\/et_pb_column][\/et_pb_row][et_pb_row column_structure=&#8221;1_2,1_2&#8243; _builder_version=&#8221;3.25.2&#8243; _i=&#8221;1&#8243; _address=&#8221;0.1&#8243;][et_pb_column type=&#8221;1_2&#8243; _builder_version=&#8221;3.25.2&#8243; _i=&#8221;0&#8243; _address=&#8221;0.1.0&#8243;][et_pb_text _builder_version=&#8221;3.27.4&#8243; _i=&#8221;0&#8243; _address=&#8221;0.1.0.0&#8243;]<\/p>\n<p>Im M\u00e4rz 2021 w\u00fcrde unser Vorfahre Heinrich Zschokke zweihundertf\u00fcnfzig Jahre alt. Die Zschokke-Gesellschaft fragte meinen Bruder <a href=\"https:\/\/heinrich-zschokke.ch\/adrian-zschokke\/\">Adrian<\/a> und <a href=\"https:\/\/heinrich-zschokke.ch\/matthias-zschokke\/\">mich<\/a> an, ob wir zu diesem Jubil\u00e4um einen Film \u00fcber ihn drehen m\u00f6chten.<br \/> Nachdem wir uns eingelesen haben in sein Werk und in die damalige Schweizer Geschichte, kamen wir zum Schluss: Doch, ja, wir m\u00f6chten.<br \/> Er ist eine faszinierende Figur: Im neunzehnten Jahrhundert einer der meistgelesenen deutschsprachigen Autoren \u2013 Goethe und die Romantiker haben ihn um seine Auflagenzahlen beneidet \u2013, in viele Sprachen \u00fcbersetzt, in Russland, England, Frankreich, Italien und Amerika gefeiert.<\/p>\n<p>[\/et_pb_text][\/et_pb_column][et_pb_column type=&#8221;1_2&#8243; _builder_version=&#8221;3.25.2&#8243; _i=&#8221;1&#8243; _address=&#8221;0.1.1&#8243;][et_pb_text _builder_version=&#8221;3.27.4&#8243; _i=&#8221;0&#8243; _address=&#8221;0.1.1.0&#8243;]He was also deeply involved in the birth of modern Switzerland, at times called an avatar of freedom \u2013 and today more or less forgotten.<br \/>\nWe would like to change this and invite all descendants worldwide to participate in the making of this documentary film, in the name of family solidarity: Come to Aarau on December 1st 2019 in large numbers and help us film a bombastic overture: A meeting of the Zschokke clan as it used to be. <a href=\"https:\/\/heinrich-zschokke.ch\/en\/invitation\/\">more&#8230;<\/a>[\/et_pb_text][\/et_pb_column][\/et_pb_row][et_pb_row column_structure=&#8221;1_2,1_2&#8243; _builder_version=&#8221;3.25.2&#8243; _i=&#8221;2&#8243; _address=&#8221;0.2&#8243;][et_pb_column type=&#8221;1_2&#8243; _builder_version=&#8221;3.25.2&#8243; _i=&#8221;0&#8243; _address=&#8221;0.2.0&#8243;][et_pb_cta title=&#8221;We Make It!&#8221; button_url=&#8221;https:\/\/wemakeit.com\/projects\/schokke-with-z?locale=de&#8221; url_new_window=&#8221;on&#8221; button_text=&#8221;Crowdfunding &#8221; _builder_version=&#8221;3.27.4&#8243; hover_enabled=&#8221;0&#8243; _i=&#8221;0&#8243; _address=&#8221;0.2.0.0&#8243;]<\/p>\n<p>Kein anderer Immigrant hat die Geschicke der Schweiz so sehr beeinflusst wie der Schriftsteller und Politiker Johann Heinrich Daniel Zschokke. Ein Dokuspielfilm ist angesagt! Der 90\u2019 Dokumentarspielfilm soll p\u00fcnktlich am 22. M\u00e4rz 2021, an seinem 250ten Geburtstag Urauff\u00fchrung haben.<br \/><strong>Daf\u00fcr brauchen wir allerdings jede m\u00f6gliche Unterst\u00fctzung.<\/strong><\/p>\n<p>[\/et_pb_cta][\/et_pb_column][et_pb_column type=&#8221;1_2&#8243; _builder_version=&#8221;3.25.2&#8243; _i=&#8221;1&#8243; _address=&#8221;0.2.1&#8243;][et_pb_signup mailchimp_list=&#8221;Zschokke Tag 2019|5a91c9b48a&#8221; success_message=&#8221;You have successfully registered.&#8221; title=&#8221;Kennen Sie einen Zschokke Nachfahren?&#8221; button_text=&#8221;Sign up to receive information&#8221; description=&#8221;<\/p>\n<p>Wir hoffen, so viele Nachfahren wie m\u00f6glich f\u00fcr dieses Familientreffen zu gewinnen. Deshalb bitten wir euch die Adressen von Kinder oder Kindeskinder\/Nachkommen\/Angeheirateten hier einzutragen:<\/p>\n<p>&#8221; admin_label=&#8221;Mailchimp Verteiler&#8221; _builder_version=&#8221;3.25.3&#8243; header_font=&#8221;||||||||&#8221; form_field_font=&#8221;||||||||&#8221; _i=&#8221;0&#8243; _address=&#8221;0.2.1.0&#8243;][\/et_pb_signup][\/et_pb_column][\/et_pb_row][et_pb_row _builder_version=&#8221;3.25.2&#8243; background_color=&#8221;#67854A&#8221; _i=&#8221;3&#8243; _address=&#8221;0.3&#8243;][et_pb_column type=&#8221;4_4&#8243; _builder_version=&#8221;3.25.2&#8243; _i=&#8221;0&#8243; _address=&#8221;0.3.0&#8243;][et_pb_countdown_timer title=&#8221;Zschokke Day 2019&#8243; date_time=&#8221;2019-12-01 15:00&#8243; _builder_version=&#8221;3.27.4&#8243; _i=&#8221;0&#8243; _address=&#8221;0.3.0.0&#8243;][\/et_pb_countdown_timer][\/et_pb_column][\/et_pb_row][et_pb_row admin_label=&#8221;Zeile&#8221; _builder_version=&#8221;3.25.2&#8243; _i=&#8221;4&#8243; _address=&#8221;0.4&#8243;][et_pb_column type=&#8221;4_4&#8243; _builder_version=&#8221;3.25.2&#8243; _i=&#8221;0&#8243; _address=&#8221;0.4.0&#8243;][et_pb_image src=&#8221;https:\/\/heinrich-zschokke.ch\/wp-content\/uploads\/2019\/06\/stammbaum-1908-1600.jpg&#8221; align=&#8221;center&#8221; _builder_version=&#8221;3.25.2&#8243; animation_style=&#8221;zoom&#8221; _i=&#8221;0&#8243; _address=&#8221;0.4.0.0&#8243;][\/et_pb_image][\/et_pb_column][\/et_pb_row][\/et_pb_section]<\/p>\n","protected":false},"excerpt":{"rendered":"<p>Ein Film zum 250 Geburtstag &nbsp; Im M\u00e4rz 2021 w\u00fcrde unser Vorfahre Heinrich Zschokke zweihundertf\u00fcnfzig Jahre alt. Die Zschokke-Gesellschaft fragte meinen Bruder Adrian und mich an, ob wir zu diesem Jubil\u00e4um einen Film \u00fcber ihn drehen m\u00f6chten. Nachdem wir uns eingelesen haben in sein Werk und in die damalige Schweizer Geschichte, kamen wir zum Schluss: [&hellip;]<\/p>\n","protected":false},"author":1,"featured_media":0,"parent":0,"menu_order":0,"comment_status":"closed","ping_status":"closed","template":"","meta":{"_et_pb_use_builder":"on","_et_pb_old_content":"","_et_gb_content_width":"","footnotes":""},"class_list":["post-182","page","type-page","status-publish","hentry"],"_links":{"self":[{"href":"https:\/\/heinrich-zschokke.ch\/en\/wp-json\/wp\/v2\/pages\/182"}],"collection":[{"href":"https:\/\/heinrich-zschokke.ch\/en\/wp-json\/wp\/v2\/pages"}],"about":[{"href":"https:\/\/heinrich-zschokke.ch\/en\/wp-json\/wp\/v2\/types\/page"}],"author":[{"embeddable":true,"href":"https:\/\/heinrich-zschokke.ch\/en\/wp-json\/wp\/v2\/users\/1"}],"replies":[{"embeddable":true,"href":"https:\/\/heinrich-zschokke.ch\/en\/wp-json\/wp\/v2\/comments?post=182"}],"version-history":[{"count":21,"href":"https:\/\/heinrich-zschokke.ch\/en\/wp-json\/wp\/v2\/pages\/182\/revisions"}],"predecessor-version":[{"id":719,"href":"https:\/\/heinrich-zschokke.ch\/en\/wp-json\/wp\/v2\/pages\/182\/revisions\/719"}],"wp:attachment":[{"href":"https:\/\/heinrich-zschokke.ch\/en\/wp-json\/wp\/v2\/media?parent=182"}],"curies":[{"name":"wp","href":"https:\/\/api.w.org\/{rel}","templated":true}]}}